{"id":20,"date":"2022-03-11T14:30:08","date_gmt":"2022-03-11T14:30:08","guid":{"rendered":"https:\/\/feuerwehr-wallerfangen.de\/?page_id=20"},"modified":"2026-04-26T12:19:41","modified_gmt":"2026-04-26T12:19:41","slug":"startseite","status":"publish","type":"page","link":"https:\/\/feuerwehr-wallerfangen.de\/","title":{"rendered":"Startseite"},"content":{"rendered":"\t\t<div data-elementor-type=\"wp-page\" data-elementor-id=\"20\" class=\"elementor elementor-20\" data-elementor-post-type=\"page\">\n\t\t\t\t\t\t<section class=\"elementor-section elementor-top-section elementor-element elementor-element-7e7c229 elementor-section-boxed elementor-section-height-default elementor-section-height-default\" data-id=\"7e7c229\" data-element_type=\"section\" data-e-type=\"section\">\n\t\t\t\t\t\t<div class=\"elementor-container elementor-column-gap-default\">\n\t\t\t\t\t<div class=\"elementor-column elementor-col-100 elementor-top-column elementor-element elementor-element-e8096ba\" data-id=\"e8096ba\" data-element_type=\"column\" data-e-type=\"column\">\n\t\t\t<div class=\"elementor-widget-wrap elementor-element-populated\">\n\t\t\t\t\t\t<div class=\"elementor-element elementor-element-db7da4a elementor-widget elementor-widget-text-editor\" data-id=\"db7da4a\" data-element_type=\"widget\" data-e-type=\"widget\" data-widget_type=\"text-editor.default\">\n\t\t\t\t<div class=\"elementor-widget-container\">\n\t\t\t\t\t\t\t\t\t<h1>Willkommen bei der Feuerwehr Wallerfangen<\/h1><p>Ihre Sicherheit \u2013 unser Einsatz!<\/p>\t\t\t\t\t\t\t\t<\/div>\n\t\t\t\t<\/div>\n\t\t\t\t<div class=\"elementor-element elementor-element-a2f7a96 elementor-widget-divider--view-line elementor-widget elementor-widget-divider\" data-id=\"a2f7a96\" data-element_type=\"widget\" data-e-type=\"widget\" data-widget_type=\"divider.default\">\n\t\t\t\t<div class=\"elementor-widget-container\">\n\t\t\t\t\t\t\t<div class=\"elementor-divider\">\n\t\t\t<span class=\"elementor-divider-separator\">\n\t\t\t\t\t\t<\/span>\n\t\t<\/div>\n\t\t\t\t\t\t<\/div>\n\t\t\t\t<\/div>\n\t\t\t\t\t<\/div>\n\t\t<\/div>\n\t\t\t\t\t<\/div>\n\t\t<\/section>\n\t\t\t\t<section class=\"elementor-section elementor-top-section elementor-element elementor-element-f83727b elementor-section-boxed elementor-section-height-default elementor-section-height-default\" data-id=\"f83727b\" data-element_type=\"section\" data-e-type=\"section\">\n\t\t\t\t\t\t<div class=\"elementor-container elementor-column-gap-default\">\n\t\t\t\t\t<div class=\"elementor-column elementor-col-50 elementor-top-column elementor-element elementor-element-a9eaaf8\" data-id=\"a9eaaf8\" data-element_type=\"column\" data-e-type=\"column\">\n\t\t\t<div class=\"elementor-widget-wrap elementor-element-populated\">\n\t\t\t\t\t\t<div class=\"elementor-element elementor-element-1f4c0b4 elementor-widget elementor-widget-text-editor\" data-id=\"1f4c0b4\" data-element_type=\"widget\" data-e-type=\"widget\" data-widget_type=\"text-editor.default\">\n\t\t\t\t<div class=\"elementor-widget-container\">\n\t\t\t\t\t\t\t\t\t    <section class=\"ffpw-wrap\" aria-label=\"Aktuelles\">\n                    <div class=\"ffpw-head\">\n                <h2 class=\"ffpw-title\">Aktuelles<\/h2>\n            <\/div>\n        \n                    <div class=\"ffpw-list\">\n                                                        <article class=\"ffpw-item no-image\">\n                        \n                        <div class=\"ffpw-content\">\n                                                            <div class=\"ffpw-meta\">12.04.2026<\/div>\n                            \n                            <h3 class=\"ffpw-post-title\">\n                                <a href=\"https:\/\/feuerwehr-wallerfangen.de\/2026\/04\/12\/ukraine-hilfsaktion\/\">Ukraine-Hilfsaktion<\/a>\n                            <\/h3>\n\n                            <p class=\"ffpw-excerpt\">Am Samstag haben unsere Freunde der Malteser Saarlouis ihren 40. LKW f\u00fcr die Menschen \u2026<\/p>\n\n                            <a class=\"ffpw-button\" href=\"https:\/\/feuerwehr-wallerfangen.de\/2026\/04\/12\/ukraine-hilfsaktion\/\">\n                                Mehr lesen                            <\/a>\n                        <\/div>\n                    <\/article>\n                                                        <article class=\"ffpw-item no-image\">\n                        \n                        <div class=\"ffpw-content\">\n                                                            <div class=\"ffpw-meta\">12.04.2026<\/div>\n                            \n                            <h3 class=\"ffpw-post-title\">\n                                <a href=\"https:\/\/feuerwehr-wallerfangen.de\/2026\/04\/12\/ausbildung-vegetationsbrandbekaempfung\/\">Ausbildung Vegetationsbrandbek\u00e4mpfung<\/a>\n                            <\/h3>\n\n                            <p class=\"ffpw-excerpt\">Heute haben wir uns gemeinsam mit den L\u00f6schbezirken Mitte, Ittersdorf und West zum Thema \u2026<\/p>\n\n                            <a class=\"ffpw-button\" href=\"https:\/\/feuerwehr-wallerfangen.de\/2026\/04\/12\/ausbildung-vegetationsbrandbekaempfung\/\">\n                                Mehr lesen                            <\/a>\n                        <\/div>\n                    <\/article>\n                            <\/div>\n        \n            <\/section>\n    \t\t\t\t\t\t\t\t<\/div>\n\t\t\t\t<\/div>\n\t\t\t\t\t<\/div>\n\t\t<\/div>\n\t\t\t\t<div class=\"elementor-column elementor-col-50 elementor-top-column elementor-element elementor-element-c42a200\" data-id=\"c42a200\" data-element_type=\"column\" data-e-type=\"column\">\n\t\t\t<div class=\"elementor-widget-wrap elementor-element-populated\">\n\t\t\t\t\t\t<div class=\"elementor-element elementor-element-3c60810 elementor-widget elementor-widget-text-editor\" data-id=\"3c60810\" data-element_type=\"widget\" data-e-type=\"widget\" data-widget_type=\"text-editor.default\">\n\t\t\t\t<div class=\"elementor-widget-container\">\n\t\t\t\t\t\t\t\t\t<div class=\"blwp-list\"><h2 class=\"blwp-month blwp-title\">Letzte Eins\u00e4tze<\/h2><a class=\"blwp-item\" href=\"https:\/\/feuerwehr-wallerfangen.de\/?blaulicht_id=7\" style=\"--blwp-color:#cc0000\"><span class=\"blwp-nr\">Nr. 7<\/span><span class=\"blwp-date\">08.04.2026<small>21:06 Uhr<\/small><\/span><span class=\"blwp-main\"><strong>Brandeinsatz<\/strong><em>Hospitalstra\u00dfe, Wallerfangen<\/em><p>ausgel\u00f6ste BMA<\/p><\/span><\/a><a class=\"blwp-item\" href=\"https:\/\/feuerwehr-wallerfangen.de\/?blaulicht_id=6\" style=\"--blwp-color:#1d4ed8\"><span class=\"blwp-nr\">Nr. 6<\/span><span class=\"blwp-date\">27.02.2026<small>02:20 Uhr<\/small><\/span><span class=\"blwp-main\"><strong>Technische Hilfe<\/strong><em>Breslauer Stra\u00dfe, Wallerfangen<\/em><p>T\u00fcr\u00f6ffnung<\/p><\/span><\/a><a class=\"blwp-item\" href=\"https:\/\/feuerwehr-wallerfangen.de\/?blaulicht_id=5\" style=\"--blwp-color:#1d4ed8\"><span class=\"blwp-nr\">Nr. 5<\/span><span class=\"blwp-date\">11.02.2026<small>14:01 Uhr<\/small><\/span><span class=\"blwp-main\"><strong>Technische Hilfe<\/strong><em>Buchenweg, Wallerfangen<\/em><p>Person eingeklemmt<\/p><\/span><\/a><\/div>\t\t\t\t\t\t\t\t<\/div>\n\t\t\t\t<\/div>\n\t\t\t\t\t<\/div>\n\t\t<\/div>\n\t\t\t\t\t<\/div>\n\t\t<\/section>\n\t\t\t\t<section class=\"elementor-section elementor-top-section elementor-element elementor-element-f78246d elementor-section-boxed elementor-section-height-default elementor-section-height-default\" data-id=\"f78246d\" data-element_type=\"section\" data-e-type=\"section\">\n\t\t\t\t\t\t<div class=\"elementor-container elementor-column-gap-default\">\n\t\t\t\t\t<div class=\"elementor-column elementor-col-50 elementor-top-column elementor-element elementor-element-18b530a\" data-id=\"18b530a\" data-element_type=\"column\" data-e-type=\"column\">\n\t\t\t<div class=\"elementor-widget-wrap elementor-element-populated\">\n\t\t\t\t\t\t<div class=\"elementor-element elementor-element-3c63c75 elementor-widget elementor-widget-image\" data-id=\"3c63c75\" data-element_type=\"widget\" data-e-type=\"widget\" data-widget_type=\"image.default\">\n\t\t\t\t<div class=\"elementor-widget-container\">\n\t\t\t\t\t\t\t\t\t\t\t\t\t\t\t<img decoding=\"async\" src=\"https:\/\/scontent.fscn1-1.fna.fbcdn.net\/v\/t51.82787-15\/681283870_18044453090769878_5413404369005470207_n.jpg?_nc_cat=104&#038;ccb=1-7&#038;_nc_sid=13d280&#038;_nc_ohc=lPkr4F0lgrkQ7kNvwFiPe6G&#038;_nc_oc=Adr5X8BA37qL3y34lEfjf3XxOnP2LLmndp3a6YqzIc9LV8cWB-tZbPVZsur-1b3NKpCXqTdESpQHud2ZVcP8PSIr&#038;_nc_zt=23&#038;_nc_ht=scontent.fscn1-1.fna&#038;_nc_gid=zhV4vd4RMrGpX7LnO2OUvA&#038;_nc_ss=7b289&#038;oh=00_Af0k0i4-GGhKcVJXZToJIz95cCv7qMQg3d2zapNnitNeHA&#038;oe=69F3DE28\" title=\"\" alt=\"\" loading=\"lazy\" \/>\t\t\t\t\t\t\t\t\t\t\t\t\t\t\t<\/div>\n\t\t\t\t<\/div>\n\t\t\t\t\t<\/div>\n\t\t<\/div>\n\t\t\t\t<div class=\"elementor-column elementor-col-50 elementor-top-column elementor-element elementor-element-20d3d14\" data-id=\"20d3d14\" data-element_type=\"column\" data-e-type=\"column\">\n\t\t\t<div class=\"elementor-widget-wrap elementor-element-populated\">\n\t\t\t\t\t\t<div class=\"elementor-element elementor-element-14047da elementor-widget elementor-widget-text-editor\" data-id=\"14047da\" data-element_type=\"widget\" data-e-type=\"widget\" data-widget_type=\"text-editor.default\">\n\t\t\t\t<div class=\"elementor-widget-container\">\n\t\t\t\t\t\t\t\t\t<p><strong><span class=\"html-span xexx8yu xyri2b x18d9i69 x1c1uobl x1hl2dhg x16tdsg8 x1vvkbs x3nfvp2 x1j61x8r x1fcty0u xdj266r xat24cr xm2jcoa x1mpyi22 xxymvpz xlup9mm x1kky2od\"><img decoding=\"async\" class=\"xz74otr x15mokao x1ga7v0g x16uus16 xbiv7yw\" src=\"https:\/\/static.xx.fbcdn.net\/images\/emoji.php\/v9\/t6\/2\/16\/1f692.png\" alt=\"\ud83d\ude92\" width=\"16\" height=\"16\" \/><\/span> Komm, mach mit! <span class=\"html-span xexx8yu xyri2b x18d9i69 x1c1uobl x1hl2dhg x16tdsg8 x1vvkbs x3nfvp2 x1j61x8r x1fcty0u xdj266r xat24cr xm2jcoa x1mpyi22 xxymvpz xlup9mm x1kky2od\"><img decoding=\"async\" class=\"xz74otr x15mokao x1ga7v0g x16uus16 xbiv7yw\" src=\"https:\/\/static.xx.fbcdn.net\/images\/emoji.php\/v9\/t6\/2\/16\/1f692.png\" alt=\"\ud83d\ude92\" width=\"16\" height=\"16\" \/><\/span><\/strong><br class=\"html-br\" \/><br class=\"html-br\" \/><span class=\"html-span xexx8yu xyri2b x18d9i69 x1c1uobl x1hl2dhg x16tdsg8 x1vvkbs x3nfvp2 x1j61x8r x1fcty0u xdj266r xat24cr xm2jcoa x1mpyi22 xxymvpz xlup9mm x1kky2od\"><img decoding=\"async\" class=\"xz74otr x15mokao x1ga7v0g x16uus16 xbiv7yw\" src=\"https:\/\/static.xx.fbcdn.net\/images\/emoji.php\/v9\/tef\/2\/16\/1f525.png\" alt=\"\ud83d\udd25\" width=\"16\" height=\"16\" \/><\/span> Aktions- &amp; Mitmach-Tag in Wallerfangen <span class=\"html-span xexx8yu xyri2b x18d9i69 x1c1uobl x1hl2dhg x16tdsg8 x1vvkbs x3nfvp2 x1j61x8r x1fcty0u xdj266r xat24cr xm2jcoa x1mpyi22 xxymvpz xlup9mm x1kky2od\"><img decoding=\"async\" class=\"xz74otr x15mokao x1ga7v0g x16uus16 xbiv7yw\" src=\"https:\/\/static.xx.fbcdn.net\/images\/emoji.php\/v9\/tef\/2\/16\/1f525.png\" alt=\"\ud83d\udd25\" width=\"16\" height=\"16\" \/><\/span><br class=\"html-br\" \/>Erlebe hautnah, was Feuerwehr bedeutet \u2013 f\u00fcr Gro\u00df und Klein ist etwas dabei!<br class=\"html-br\" \/><br class=\"html-br\" \/><span class=\"html-span xexx8yu xyri2b x18d9i69 x1c1uobl x1hl2dhg x16tdsg8 x1vvkbs x3nfvp2 x1j61x8r x1fcty0u xdj266r xat24cr xm2jcoa x1mpyi22 xxymvpz xlup9mm x1kky2od\"><img decoding=\"async\" class=\"xz74otr x15mokao x1ga7v0g x16uus16 xbiv7yw\" src=\"https:\/\/static.xx.fbcdn.net\/images\/emoji.php\/v9\/t1d\/2\/16\/1f4c5.png\" alt=\"\ud83d\udcc5\" width=\"16\" height=\"16\" \/><\/span> Samstag, 30.05.2026<br class=\"html-br\" \/><span class=\"html-span xexx8yu xyri2b x18d9i69 x1c1uobl x1hl2dhg x16tdsg8 x1vvkbs x3nfvp2 x1j61x8r x1fcty0u xdj266r xat24cr xm2jcoa x1mpyi22 xxymvpz xlup9mm x1kky2od\"><img loading=\"lazy\" decoding=\"async\" class=\"xz74otr x15mokao x1ga7v0g x16uus16 xbiv7yw\" src=\"https:\/\/static.xx.fbcdn.net\/images\/emoji.php\/v9\/tf8\/2\/16\/1f55a.png\" alt=\"\ud83d\udd5a\" width=\"16\" height=\"16\" \/><\/span> 11:00 \u2013 15:00 Uhr<br class=\"html-br\" \/><span class=\"html-span xexx8yu xyri2b x18d9i69 x1c1uobl x1hl2dhg x16tdsg8 x1vvkbs x3nfvp2 x1j61x8r x1fcty0u xdj266r xat24cr xm2jcoa x1mpyi22 xxymvpz xlup9mm x1kky2od\"><img loading=\"lazy\" decoding=\"async\" class=\"xz74otr x15mokao x1ga7v0g x16uus16 xbiv7yw\" src=\"https:\/\/static.xx.fbcdn.net\/images\/emoji.php\/v9\/tcc\/2\/16\/1f4cd.png\" alt=\"\ud83d\udccd\" width=\"16\" height=\"16\" \/><\/span> Fabrikplatz Wallerfangen<br class=\"html-br\" \/><br class=\"html-br\" \/><span class=\"html-span xexx8yu xyri2b x18d9i69 x1c1uobl x1hl2dhg x16tdsg8 x1vvkbs x3nfvp2 x1j61x8r x1fcty0u xdj266r xat24cr xm2jcoa x1mpyi22 xxymvpz xlup9mm x1kky2od\"><img loading=\"lazy\" decoding=\"async\" class=\"xz74otr x15mokao x1ga7v0g x16uus16 xbiv7yw\" src=\"https:\/\/static.xx.fbcdn.net\/images\/emoji.php\/v9\/tf5\/2\/16\/1f468_200d_1f692.png\" alt=\"\ud83d\udc68\u200d\ud83d\ude92\" width=\"16\" height=\"16\" \/><\/span> Schau dir unsere Fahrzeuge &amp; Technik an<br class=\"html-br\" \/><span class=\"html-span xexx8yu xyri2b x18d9i69 x1c1uobl x1hl2dhg x16tdsg8 x1vvkbs x3nfvp2 x1j61x8r x1fcty0u xdj266r xat24cr xm2jcoa x1mpyi22 xxymvpz xlup9mm x1kky2od\"><img decoding=\"async\" class=\"xz74otr x15mokao x1ga7v0g x16uus16 xbiv7yw\" src=\"https:\/\/static.xx.fbcdn.net\/images\/emoji.php\/v9\/tef\/2\/16\/1f525.png\" alt=\"\ud83d\udd25\" width=\"16\" height=\"16\" \/><\/span> Probiere selbst aus, ob das Zeug zum Retter in dir steckt<br class=\"html-br\" \/><span class=\"html-span xexx8yu xyri2b x18d9i69 x1c1uobl x1hl2dhg x16tdsg8 x1vvkbs x3nfvp2 x1j61x8r x1fcty0u xdj266r xat24cr xm2jcoa x1mpyi22 xxymvpz xlup9mm x1kky2od\"><img loading=\"lazy\" decoding=\"async\" class=\"xz74otr x15mokao x1ga7v0g x16uus16 xbiv7yw\" src=\"https:\/\/static.xx.fbcdn.net\/images\/emoji.php\/v9\/t3\/2\/16\/1f91d.png\" alt=\"\ud83e\udd1d\" width=\"16\" height=\"16\" \/><\/span> Lerne unser Team kennen &amp; stelle deine Fragen<br class=\"html-br\" \/><span class=\"html-span xexx8yu xyri2b x18d9i69 x1c1uobl x1hl2dhg x16tdsg8 x1vvkbs x3nfvp2 x1j61x8r x1fcty0u xdj266r xat24cr xm2jcoa x1mpyi22 xxymvpz xlup9mm x1kky2od\"><img loading=\"lazy\" decoding=\"async\" class=\"xz74otr x15mokao x1ga7v0g x16uus16 xbiv7yw\" src=\"https:\/\/static.xx.fbcdn.net\/images\/emoji.php\/v9\/tc9\/2\/16\/1f354.png\" alt=\"\ud83c\udf54\" width=\"16\" height=\"16\" \/><\/span> F\u00fcr Essen &amp; Getr\u00e4nke ist bestens gesorgt<br class=\"html-br\" \/><br class=\"html-br\" \/>Veranstaltet vom L\u00f6schbezirk Wallerfangen und dem F\u00f6rderverein des L\u00f6schbezirkes Wallerfangen.<br class=\"html-br\" \/><br class=\"html-br\" \/><span class=\"html-span xexx8yu xyri2b x18d9i69 x1c1uobl x1hl2dhg x16tdsg8 x1vvkbs x3nfvp2 x1j61x8r x1fcty0u xdj266r xat24cr xm2jcoa x1mpyi22 xxymvpz xlup9mm x1kky2od\"><img loading=\"lazy\" decoding=\"async\" class=\"xz74otr x15mokao x1ga7v0g x16uus16 xbiv7yw\" src=\"https:\/\/static.xx.fbcdn.net\/images\/emoji.php\/v9\/tf0\/2\/16\/1f449.png\" alt=\"\ud83d\udc49\" width=\"16\" height=\"16\" \/><\/span> Entdecke, was in dir steckt \u2013 wir freuen uns auf dich!<\/p>\t\t\t\t\t\t\t\t<\/div>\n\t\t\t\t<\/div>\n\t\t\t\t\t<\/div>\n\t\t<\/div>\n\t\t\t\t\t<\/div>\n\t\t<\/section>\n\t\t\t\t<section class=\"elementor-section elementor-top-section elementor-element elementor-element-18cc59e elementor-section-boxed elementor-section-height-default elementor-section-height-default\" data-id=\"18cc59e\" data-element_type=\"section\" data-e-type=\"section\">\n\t\t\t\t\t\t<div class=\"elementor-container elementor-column-gap-default\">\n\t\t\t\t\t<div class=\"elementor-column elementor-col-100 elementor-top-column elementor-element elementor-element-f602262\" data-id=\"f602262\" data-element_type=\"column\" data-e-type=\"column\">\n\t\t\t<div class=\"elementor-widget-wrap elementor-element-populated\">\n\t\t\t\t\t\t<div class=\"elementor-element elementor-element-1cd2f1f elementor-widget elementor-widget-text-editor\" data-id=\"1cd2f1f\" data-element_type=\"widget\" data-e-type=\"widget\" data-widget_type=\"text-editor.default\">\n\t\t\t\t<div class=\"elementor-widget-container\">\n\t\t\t\t\t\t\t\t\t<p><code>        <section class=\"fwg-wrap fwg-no-hero\">\n            <div class=\"fwg-grid\">\n                        <article class=\"fwg-card fwg-weather-widget fwg-level-0\">\n            <h3>Wallerfangen<\/h3>\n            <p class=\"fwg-weather-stand\">Stand: 01.05.2026 16:00<\/p>\n            <div class=\"fwg-weather-row\"><strong>Temperatur:<\/strong><span>22,3 \u00b0C<\/span><\/div>\n            <div class=\"fwg-weather-row\"><strong>Zustand:<\/strong><span>\u2139\ufe0f trocken<\/span><\/div>\n            <div class=\"fwg-weather-row\"><strong>Wind:<\/strong><span>\u27a4 7 km\/h (SO)<\/span><\/div>\n            <div class=\"fwg-weather-row\"><strong>Niederschlag (letzte Stunde):<\/strong><span>0,0 mm<\/span><\/div>\n            <div class=\"fwg-weather-row fwg-weather-warning\"><strong>DWD-Warnung:<\/strong><span>Keine amtliche DWD-Wetterwarnung aktiv.<\/span><\/div>\n        <\/article>\n                                <article class=\"fwg-card fwg-level-3\">\n            <div class=\"fwg-card-top\"><div class=\"fwg-icon\">\ud83c\udf32<\/div><div><span>Waldbrandindex<\/span><h3>Waldbrandgefahr<\/h3><\/div><\/div>\n            <div class=\"fwg-index\"><strong>3<\/strong><div><span>Stufe 3 von 5<\/span><em>mittlere Gefahr<\/em><\/div><\/div>\n            <div class=\"fwg-meter\" aria-label=\"Stufe 3\"><i class=\"is-active\"><\/i><i class=\"is-active\"><\/i><i class=\"is-active\"><\/i><i class=\"\"><\/i><i class=\"\"><\/i><\/div>\n            <p>Waldbrandindex f\u00fcr Station Berus: Stufe 3 von 5 \u2013 mittlere Gefahr.<\/p>\n            <a class=\"fwg-link\" href=\"https:\/\/www.wettergefahren.de\/warnungen\/indizes\/waldbrand.html\" target=\"_blank\" rel=\"noopener\">Offizielle Informationen \u00f6ffnen<\/a>        <\/article>\n                                <article class=\"fwg-card fwg-level-3\">\n            <div class=\"fwg-card-top\"><div class=\"fwg-icon\">\ud83d\udd25<\/div><div><span>Grasland-\/Fl\u00e4chenbrandindex<\/span><h3>Fl\u00e4chenbrandgefahr<\/h3><\/div><\/div>\n            <div class=\"fwg-index\"><strong>3<\/strong><div><span>Stufe 3 von 5<\/span><em>mittlere Gefahr<\/em><\/div><\/div>\n            <div class=\"fwg-meter\" aria-label=\"Stufe 3\"><i class=\"is-active\"><\/i><i class=\"is-active\"><\/i><i class=\"is-active\"><\/i><i class=\"\"><\/i><i class=\"\"><\/i><\/div>\n            <p>Graslandfeuerindex f\u00fcr Station Berus: Stufe 3 von 5 \u2013 mittlere Gefahr.<\/p>\n            <a class=\"fwg-link\" href=\"https:\/\/www.wettergefahren.de\/warnungen\/indizes\/grasland.html\" target=\"_blank\" rel=\"noopener\">Offizielle Informationen \u00f6ffnen<\/a>        <\/article>\n                    <\/div>\n            <div class=\"fwg-notice\">Im Notfall, 24\/7 erreichbar unter 112<\/div>        <\/section>\n        <\/code>\u00a0<\/p>\t\t\t\t\t\t\t\t<\/div>\n\t\t\t\t<\/div>\n\t\t\t\t\t<\/div>\n\t\t<\/div>\n\t\t\t\t\t<\/div>\n\t\t<\/section>\n\t\t\t\t<\/div>\n\t\t","protected":false},"excerpt":{"rendered":"<p>Willkommen bei der Feuerwehr Wallerfangen Ihre Sicherheit \u2013 unser Einsatz! Komm, mach mit! Aktions- &amp; Mitmach-Tag in Wallerfangen Erlebe hautnah, was Feuerwehr bedeutet \u2013 f\u00fcr Gro\u00df und Klein ist etwas dabei! Samstag, 30.05.2026 11:00 \u2013 15:00 Uhr Fabrikplatz Wallerfangen Schau dir unsere Fahrzeuge &amp; Technik an Probiere selbst aus, ob das Zeug zum Retter in \u2026<\/p>\n","protected":false},"author":1,"featured_media":0,"parent":0,"menu_order":0,"comment_status":"closed","ping_status":"closed","template":"","meta":{"ngg_post_thumbnail":0,"footnotes":""},"class_list":["post-20","page","type-page","status-publish","hentry"],"_links":{"self":[{"href":"https:\/\/feuerwehr-wallerfangen.de\/wp-json\/wp\/v2\/pages\/20","targetHints":{"allow":["GET"]}}],"collection":[{"href":"https:\/\/feuerwehr-wallerfangen.de\/wp-json\/wp\/v2\/pages"}],"about":[{"href":"https:\/\/feuerwehr-wallerfangen.de\/wp-json\/wp\/v2\/types\/page"}],"author":[{"embeddable":true,"href":"https:\/\/feuerwehr-wallerfangen.de\/wp-json\/wp\/v2\/users\/1"}],"replies":[{"embeddable":true,"href":"https:\/\/feuerwehr-wallerfangen.de\/wp-json\/wp\/v2\/comments?post=20"}],"version-history":[{"count":103,"href":"https:\/\/feuerwehr-wallerfangen.de\/wp-json\/wp\/v2\/pages\/20\/revisions"}],"predecessor-version":[{"id":1012,"href":"https:\/\/feuerwehr-wallerfangen.de\/wp-json\/wp\/v2\/pages\/20\/revisions\/1012"}],"wp:attachment":[{"href":"https:\/\/feuerwehr-wallerfangen.de\/wp-json\/wp\/v2\/media?parent=20"}],"curies":[{"name":"wp","href":"https:\/\/api.w.org\/{rel}","templated":true}]}}